{"id":519,"date":"2020-09-17T19:10:46","date_gmt":"2020-09-17T19:10:46","guid":{"rendered":"https:\/\/lenzlinger-brennholz.ch\/?page_id=519"},"modified":"2024-09-16T11:43:41","modified_gmt":"2024-09-16T11:43:41","slug":"4-zi-wohnung-rorschach","status":"publish","type":"page","link":"https:\/\/lenzlinger-brennholz.ch\/","title":{"rendered":"Brennholz zu verkaufen im Hinterthurgau"},"content":{"rendered":"[et_pb_section fb_built=&#8220;1&#8243; _builder_version=&#8220;4.16&#8243; background_color=&#8220;rgba(0,0,0,0.74)&#8220; background_image=&#8220;https:\/\/lenzlinger-brennholz.ch\/wp-content\/uploads\/2021\/02\/Brennholz-Holzschittli-1-scaled.jpg&#8220; background_blend=&#8220;multiply&#8220; custom_padding=&#8220;||0px||false|false&#8220; global_colors_info=&#8220;{}&#8220;][et_pb_row column_structure=&#8220;1_2,1_2&#8243; custom_padding_last_edited=&#8220;on|phone&#8220; _builder_version=&#8220;4.16&#8243; background_color=&#8220;#ffffff&#8220; background_size=&#8220;initial&#8220; background_position=&#8220;top_left&#8220; background_repeat=&#8220;repeat&#8220; custom_padding=&#8220;30px|30px|30px|30px|true|true&#8220; custom_padding_tablet=&#8220;&#8220; custom_padding_phone=&#8220;15px|30px|15px|30px|true|true&#8220; global_colors_info=&#8220;{}&#8220;][et_pb_column type=&#8220;1_2&#8243; _builder_version=&#8220;4.16&#8243; custom_padding=&#8220;|||&#8220; global_colors_info=&#8220;{}&#8220; custom_padding__hover=&#8220;|||&#8220;][et_pb_text _builder_version=&#8220;4.16&#8243; text_font=&#8220;|300|||||||&#8220; text_text_color=&#8220;#232323&#8243; text_font_size=&#8220;18px&#8220; text_line_height=&#8220;1.3em&#8220; header_font=&#8220;Cabin Sketch||||||||&#8220; header_font_size=&#8220;41px&#8220; background_size=&#8220;initial&#8220; background_position=&#8220;top_left&#8220; background_repeat=&#8220;repeat&#8220; custom_margin=&#8220;||||false|false&#8220; custom_margin_tablet=&#8220;&#8220; custom_margin_phone=&#8220;0px||||false|false&#8220; custom_margin_last_edited=&#8220;on|phone&#8220; custom_padding_tablet=&#8220;&#8220; custom_padding_phone=&#8220;0px||||false|false&#8220; custom_padding_last_edited=&#8220;on|phone&#8220; header_font_size_tablet=&#8220;36px&#8220; header_font_size_phone=&#8220;28px&#8220; header_font_size_last_edited=&#8220;on|phone&#8220; global_colors_info=&#8220;{}&#8220;]<p><\/p>\n<p>&nbsp;<\/p>\n<h1>ZU VERKAUFEN<br \/>BRENNHOLZ<\/h1>\n<p>&nbsp;<\/p>\n<p>Sortiment Fr. \/ Ster (Preisliste 2024\/2025)<\/p>\n<p>&nbsp;<\/p>\n<p><strong>Hartholz geschnitten<\/strong><br \/>50 cm 160.-<br \/>33 cm 175.-<br \/>25 cm 190.-<br \/>(ab Platz lose verladen)<\/p>\n<p>&nbsp;<\/p>\n<p><strong>Nadelholz geschnitten<\/strong><br \/>50 cm 140.-<br \/>33 cm 150.-<br \/>25 cm 165.-<br \/>(ab Platz lose verladen)<\/p>\n<p>&nbsp;<\/p>\n<p><strong>Hartholz Bund<\/strong><br \/><span style=\"color: #141618; font-family: -apple-system, BlinkMacSystemFont, 'Segoe UI', Roboto, Helvetica, Arial, sans-serif, 'Apple Color Emoji', 'Segoe UI Emoji', 'Segoe UI Symbol'; font-size: 14px; font-style: normal; font-variant-ligatures: normal; font-variant-caps: normal; font-weight: 400; letter-spacing: normal; orphans: 2; text-align: start; text-indent: 0px; text-transform: none; white-space: normal; widows: 2; word-spacing: 0px; -webkit-text-stroke-width: 0px; background-color: #ffffff; text-decoration-thickness: initial; text-decoration-style: initial; text-decoration-color: initial; display: inline !important; float: none;\">\u2205<\/span> ca. 40 cm und L\u00e4nge 33cm<br \/>13.- ab Platz<\/p>\n<p>&nbsp;<\/p>\n<p><strong>Anfeuerholz Bund Fichte<\/strong><br \/><span style=\"color: #141618; font-family: -apple-system, BlinkMacSystemFont, 'Segoe UI', Roboto, Helvetica, Arial, sans-serif, 'Apple Color Emoji', 'Segoe UI Emoji', 'Segoe UI Symbol'; font-size: 14px; font-style: normal; font-variant-ligatures: normal; font-variant-caps: normal; font-weight: 400; letter-spacing: normal; orphans: 2; text-align: start; text-indent: 0px; text-transform: none; white-space: normal; widows: 2; word-spacing: 0px; -webkit-text-stroke-width: 0px; background-color: #ffffff; text-decoration-thickness: initial; text-decoration-style: initial; text-decoration-color: initial; display: inline !important; float: none;\">\u2205<\/span> ca. 40 cm und L\u00e4nge 25 cm<br \/>20.- ab Platz<\/p>\n<p>&nbsp;<\/p>\n<p>Ab 2 Ster Menge liefern wir gratis im Umkreis von 10 km auf Platz gekippt.<\/p>\n<p>&nbsp;<\/p>\n<p>Haben Sie andere W\u00fcnsche oder m\u00f6chten Sie gleich bestellen, dann rufen Sie gleich an:<br \/><span style=\"color: #666666;\"><a style=\"color: #666666;\" href=\"tel:+41796752615\">079 675 26 15<\/a><\/span><\/p>\n<p>&nbsp;<\/p>\n<p>&nbsp;<\/p>\n<p>&nbsp;<\/p>\n<p><\/p>\n<p>&nbsp;<\/p>[\/et_pb_text][\/et_pb_column][et_pb_column type=&#8220;1_2&#8243; _builder_version=&#8220;4.16&#8243; custom_padding=&#8220;|||&#8220; global_colors_info=&#8220;{}&#8220; custom_padding__hover=&#8220;|||&#8220;][et_pb_video src=&#8220;https:\/\/lenzlinger-brennholz.ch\/wp-content\/uploads\/2021\/02\/fraesen.mp4&#8243; src_webm=&#8220;https:\/\/lenzlinger-brennholz.ch\/wp-content\/uploads\/2021\/02\/fraesen.webm&#8220; image_src=&#8220;https:\/\/lenzlinger-brennholz.ch\/wp-content\/uploads\/2021\/02\/filmoverlay-1.jpg&#8220; _builder_version=&#8220;4.16&#8243; _module_preset=&#8220;default&#8220; global_colors_info=&#8220;{}&#8220;][\/et_pb_video][et_pb_image src=&#8220;https:\/\/lenzlinger-brennholz.ch\/wp-content\/uploads\/2021\/02\/Brennholz-Holzschittli.jpg&#8220; title_text=&#8220;Grundriss-4Zi&#8220; show_in_lightbox=&#8220;on&#8220; _builder_version=&#8220;4.16&#8243; global_colors_info=&#8220;{}&#8220;][\/et_pb_image][\/et_pb_column][\/et_pb_row][et_pb_row use_custom_gutter=&#8220;on&#8220; gutter_width=&#8220;2&#8243; module_id=&#8220;gallery&#8220; _builder_version=&#8220;4.16&#8243; background_size=&#8220;initial&#8220; background_position=&#8220;top_left&#8220; background_repeat=&#8220;repeat&#8220; custom_padding=&#8220;||79px|||&#8220; global_colors_info=&#8220;{}&#8220;][et_pb_column type=&#8220;4_4&#8243; _builder_version=&#8220;4.16&#8243; custom_padding=&#8220;|||&#8220; global_colors_info=&#8220;{}&#8220; custom_padding__hover=&#8220;|||&#8220;][et_pb_text _builder_version=&#8220;4.16&#8243; text_text_color=&#8220;#FFFFFF&#8220; text_font_size=&#8220;18px&#8220; background_size=&#8220;initial&#8220; background_position=&#8220;top_left&#8220; background_repeat=&#8220;repeat&#8220; global_colors_info=&#8220;{}&#8220;]<p><\/p>\n<h1 style=\"text-align: center;\">Wir schneiden auch Ihr Holz auf Mass.<\/h1>\n<p><\/p>[\/et_pb_text][et_pb_text _builder_version=&#8220;4.16&#8243; text_text_color=&#8220;#FFFFFF&#8220; text_font_size=&#8220;18px&#8220; background_size=&#8220;initial&#8220; background_position=&#8220;top_left&#8220; background_repeat=&#8220;repeat&#8220; text_orientation=&#8220;center&#8220; custom_padding=&#8220;||0px|||&#8220; global_colors_info=&#8220;{}&#8220;]<p><\/p>\n<h1>Unsere weiteren Dienstleistungen rund ums Holzen:<br \/>holzr\u00fccken, holzf\u00fchren, fr\u00e4sen, spalten, b\u00fcndeln und lagern.<\/h1>\n<p><\/p>\n<p style=\"text-align: center;\">Rufen Sie dazu bitte gleich an!<\/p>\n<p><\/p>\n<p>&nbsp;<\/p>\n<p><\/p>[\/et_pb_text][et_pb_gallery gallery_ids=&#8220;618,619,620,621,622,628,617,630,9057,9064,9056,634&#8243; posts_number=&#8220;99&#8243; zoom_icon_color=&#8220;#7b2b24&#8243; _builder_version=&#8220;4.16&#8243; title_font_size=&#8220;15px&#8220; title_line_height=&#8220;1.2em&#8220; caption_text_color=&#8220;#ffffff&#8220; custom_css_gallery_item_caption=&#8220;color:#000;&#8220; caption_text_shadow_style=&#8220;preset1&#8243; caption_text_shadow_color=&#8220;#000000&#8243; border_color_all=&#8220;rgba(0,0,0,0)&#8220; global_colors_info=&#8220;{}&#8220;][\/et_pb_gallery][et_pb_text _builder_version=&#8220;4.16&#8243; text_text_color=&#8220;#FFFFFF&#8220; text_font_size=&#8220;18px&#8220; background_size=&#8220;initial&#8220; background_position=&#8220;top_left&#8220; background_repeat=&#8220;repeat&#8220; text_orientation=&#8220;center&#8220; global_colors_info=&#8220;{}&#8220;]<p><\/p>\n<h1 style=\"text-align: center;\">\u00a0<\/h1>\n<h1 style=\"text-align: center;\">Hauptstrasse 41, 8363\u00a0Bichelsee<\/h1>\n<p>An dieser Adresse kann das Brennholz nach Voranmeldung abgeholt werden.<\/p>\n<p><\/p>[\/et_pb_text][et_pb_button button_url=&#8220;https:\/\/goo.gl\/maps\/gf4PYdKC1cqQXudb9&#8243; url_new_window=&#8220;on&#8220; button_text=&#8220;Google Maps&#8220; button_alignment=&#8220;center&#8220; _builder_version=&#8220;4.16&#8243; custom_margin=&#8220;||40px||false|false&#8220; global_colors_info=&#8220;{}&#8220;][\/et_pb_button][et_pb_map_extended address=&#8220;Hauptstrasse 41, 8363 Bichelsee, Schweiz&#8220; zoom_level=&#8220;13&#8243; address_lat=&#8220;47.453805110045&#8243; address_lng=&#8220;8.9392049811035&#8243; bounce_on_click_on_off=&#8220;on&#8220; marker_animation=&#8220;on&#8220; map_options=&#8220;2&#8243; admin_label=&#8220;Map Extended&#8220; _builder_version=&#8220;4.16&#8243; custom_margin=&#8220;||0px||false|false&#8220; custom_padding=&#8220;||0px||false|false&#8220; global_colors_info=&#8220;{}&#8220;][et_pb_map_pin_extended pin_address=&#8220;Hauptstrasse 41, 8362 Balterswil TG, Schweiz&#8220; zoom_level=&#8220;9&#8243; pin_address_lat=&#8220;47.4536775&#8243; pin_address_lng=&#8220;8.938145&#8243; marker_url=&#8220;https:\/\/lenzlinger-brennholz.ch\/wp-content\/uploads\/2021\/02\/n.png&#8220; cover_image_src=&#8220;https:\/\/lenzlinger-brennholz.ch\/wp-content\/uploads\/2021\/02\/n.png&#8220; pin_on_off=&#8220;on&#8220; pin_src=&#8220;https:\/\/lenzlinger-brennholz.ch\/wp-content\/uploads\/2021\/02\/n.png&#8220; pin_widthsize=&#8220;74&#8243; pin_heightsize=&#8220;74&#8243; _builder_version=&#8220;4.9.0&#8243; global_colors_info=&#8220;{}&#8220;][\/et_pb_map_pin_extended][\/et_pb_map_extended][\/et_pb_column][\/et_pb_row][\/et_pb_section]","protected":false},"excerpt":{"rendered":"<p>&nbsp; ZU VERKAUFENBRENNHOLZ &nbsp; Sortiment Fr. \/ Ster (Preisliste 2024\/2025) &nbsp; Hartholz geschnitten50 cm 160.-33 cm 175.-25 cm 190.-(ab Platz lose verladen) &nbsp; Nadelholz geschnitten50 cm 140.-33 cm 150.-25 cm 165.-(ab Platz lose verladen) &nbsp; Hartholz Bund\u2205 ca. 40 cm und L\u00e4nge 33cm13.- ab Platz &nbsp; Anfeuerholz Bund Fichte\u2205 ca. 40 cm und L\u00e4nge 25 [&hellip;]<\/p>\n","protected":false},"author":1,"featured_media":0,"parent":0,"menu_order":0,"comment_status":"closed","ping_status":"open","template":"","meta":{"_et_pb_use_builder":"on","_et_pb_old_content":"<!-- wp:paragraph -->\r\n<p>This is an example page. It's different from a blog post because it will stay in one place and will show up in your site navigation (in most themes). Most people start with an About page that introduces them to potential site visitors. It might say something like this:<\/p>\r\n<!-- \/wp:paragraph --><!-- wp:quote -->\r\n<blockquote class=\"wp-block-quote\">\r\n<p>Hi there! I'm a bike messenger by day, aspiring actor by night, and this is my website. I live in Los Angeles, have a great dog named Jack, and I like pi\u00f1a coladas. (And gettin' caught in the rain.)<\/p>\r\n<\/blockquote>\r\n<!-- \/wp:quote --><!-- wp:paragraph -->\r\n<p>...or something like this:<\/p>\r\n<!-- \/wp:paragraph --><!-- wp:quote -->\r\n<blockquote class=\"wp-block-quote\">\r\n<p>The XYZ Doohickey Company was founded in 1971, and has been providing quality doohickeys to the public ever since. Located in Gotham City, XYZ employs over 2,000 people and does all kinds of awesome things for the Gotham community.<\/p>\r\n<\/blockquote>\r\n<!-- \/wp:quote --><!-- wp:paragraph -->\r\n<p>As a new WordPress user, you should go to <a href=\"https:\/\/lenzlinger-brennholz.ch\/wp-admin\/\">your dashboard<\/a> to delete this page and create new pages for your content. Have fun!<\/p>\r\n<!-- \/wp:paragraph -->","_et_gb_content_width":"","inline_featured_image":false,"footnotes":""},"_links":{"self":[{"href":"https:\/\/lenzlinger-brennholz.ch\/index.php?rest_route=\/wp\/v2\/pages\/519"}],"collection":[{"href":"https:\/\/lenzlinger-brennholz.ch\/index.php?rest_route=\/wp\/v2\/pages"}],"about":[{"href":"https:\/\/lenzlinger-brennholz.ch\/index.php?rest_route=\/wp\/v2\/types\/page"}],"author":[{"embeddable":true,"href":"https:\/\/lenzlinger-brennholz.ch\/index.php?rest_route=\/wp\/v2\/users\/1"}],"replies":[{"embeddable":true,"href":"https:\/\/lenzlinger-brennholz.ch\/index.php?rest_route=%2Fwp%2Fv2%2Fcomments&post=519"}],"version-history":[{"count":70,"href":"https:\/\/lenzlinger-brennholz.ch\/index.php?rest_route=\/wp\/v2\/pages\/519\/revisions"}],"predecessor-version":[{"id":9095,"href":"https:\/\/lenzlinger-brennholz.ch\/index.php?rest_route=\/wp\/v2\/pages\/519\/revisions\/9095"}],"wp:attachment":[{"href":"https:\/\/lenzlinger-brennholz.ch\/index.php?rest_route=%2Fwp%2Fv2%2Fmedia&parent=519"}],"curies":[{"name":"wp","href":"https:\/\/api.w.org\/{rel}","templated":true}]}}